{"id":10733,"date":"2026-01-24T20:41:52","date_gmt":"2026-01-24T23:41:52","guid":{"rendered":"https:\/\/calonegroup.com\/2026\/?page_id=10733"},"modified":"2026-02-09T21:05:00","modified_gmt":"2026-02-10T00:05:00","slug":"assuntos-do-momento","status":"publish","type":"page","link":"https:\/\/calonegroup.com\/2026\/assuntos-do-momento\/","title":{"rendered":"Assuntos do Momento"},"content":{"rendered":"\t\t<div data-elementor-type=\"wp-page\" data-elementor-id=\"10733\" class=\"elementor elementor-10733\" data-elementor-settings=\"{&quot;ha_cmc_init_switcher&quot;:&quot;no&quot;}\" data-elementor-post-type=\"page\">\n\t\t\t\t<div class=\"elementor-element elementor-element-a9a7224 e-con-full e-flex pxl-section-overflow-visible pxl-column-none pxl-section-fix-none pxl-bg-color-none e-con e-parent \" data-id=\"a9a7224\" data-element_type=\"container\" data-e-type=\"container\" data-settings=\"{&quot;_ha_eqh_enable&quot;:false}\"><div class=\"elementor-element elementor-element-4b138e6 e-flex e-con-boxed pxl-section-overflow-visible pxl-column-none pxl-section-fix-none pxl-bg-color-none e-con e-child \" data-id=\"4b138e6\" data-element_type=\"container\" data-e-type=\"container\" data-settings=\"{&quot;background_background&quot;:&quot;classic&quot;,&quot;_ha_eqh_enable&quot;:false}\">\t\t\t<div class=\"e-con-inner\">\r\n\t\t\t\t<div class=\"elementor-element elementor-element-9284416 elementor-widget elementor-widget-pxl_heading\" data-id=\"9284416\" data-element_type=\"widget\" data-e-type=\"widget\" data-widget_type=\"pxl_heading.default\">\n\t\t\t\t<div class=\"elementor-widget-container\">\n\t\t\t\t\t\n<div id=\"pxl-pxl_heading-9284416-6630\" class=\"pxl-heading \">\n\t<div class=\"pxl-heading--inner\">\n\t\t\n\t\t<h2 class=\"pxl-item--title  style-default highlight-default \" data-wow-delay=\"ms\">\n\n\t\t<span class=\"pxl-heading--text \">\n\n\t\t\t\t\t\t\tAssuntos do Momento\t\n\t\t\t\t\n\n\t\t<\/span>\n\t\t<\/h2>\n\t\t\n\t<\/div>\n<\/div>\t\t\t\t<\/div>\n\t\t\t\t<\/div>\n\t\t\t\t<div class=\"elementor-element elementor-element-de192d1 elementor-widget elementor-widget-pxl_text_editor\" data-id=\"de192d1\" data-element_type=\"widget\" data-e-type=\"widget\" data-widget_type=\"pxl_text_editor.default\">\n\t\t\t\t<div class=\"elementor-widget-container\">\n\t\t\t\t\t<div class=\"pxl-text-editor d-flex   \">\n\t<div class=\"pxl-item--inner  \" data-wow-delay=\"ms\">\n\t\t<div class=\"bdt-prime-slider-wrapper\"><div class=\"bdt-prime-slider-content\"><div class=\"bdt-slider-excerpt\" data-reveal=\"reveal-active\" data-bdt-slideshow-parallax=\"y: 50,0,-10; opacity: 1,1,0\"><p data-start=\"164\" data-end=\"255\">Distribui\u00e7\u00e3o de Budget com garantia de Retorno sobre Investimento (ROI) em Audi\u00eancia, Autoridade, Influ\u00eancia, Presen\u00e7a e Reputa\u00e7\u00e3o (AAIPR).<\/p><\/div><\/div><\/div>\t\t\n\t<\/div>\n<\/div>\t\t\t\t<\/div>\n\t\t\t\t<\/div>\n\t\t\t\t\t<\/div>\r\n\t\t\t\t<\/div>\r\n\t\t\t\t<\/div>\r\n\t\t<div class=\"elementor-element elementor-element-300be09 e-flex e-con-boxed pxl-section-overflow-visible pxl-column-none pxl-section-fix-none pxl-bg-color-none e-con e-parent \" data-id=\"300be09\" data-element_type=\"container\" data-e-type=\"container\" data-settings=\"{&quot;_ha_eqh_enable&quot;:false}\">\t\t\t<div class=\"e-con-inner\">\r\n\t\t\t\t<div class=\"elementor-element elementor-element-472bdc3 elementor-widget elementor-widget-pxl_heading\" data-id=\"472bdc3\" data-element_type=\"widget\" data-e-type=\"widget\" data-widget_type=\"pxl_heading.default\">\n\t\t\t\t<div class=\"elementor-widget-container\">\n\t\t\t\t\t\n<div id=\"pxl-pxl_heading-472bdc3-3687\" class=\"pxl-heading \">\n\t<div class=\"pxl-heading--inner\">\n\t\t\n\t\t<h5 class=\"pxl-item--title  style-default highlight-default pxl-split-text split-in-right\" data-wow-delay=\"300ms\">\n\n\t\t<span class=\"pxl-heading--text \">\n\n\t\t\t\t\t\t\tMonitoramento de assuntos\t\n\t\t\t\t\n\n\t\t<\/span>\n\t\t<\/h5>\n\t\t\n\t<\/div>\n<\/div>\t\t\t\t<\/div>\n\t\t\t\t<\/div>\n\t\t\t\t\t<\/div>\r\n\t\t\t\t<\/div>\r\n\t\t<div class=\"elementor-element elementor-element-f2aeabf e-con-full e-flex pxl-section-overflow-visible pxl-column-none pxl-section-fix-none pxl-bg-color-none e-con e-parent \" data-id=\"f2aeabf\" data-element_type=\"container\" data-e-type=\"container\" data-settings=\"{&quot;background_background&quot;:&quot;classic&quot;,&quot;_ha_eqh_enable&quot;:false}\">\t\t<div class=\"elementor-element elementor-element-8a3ac9c elementor-widget elementor-widget-html\" data-id=\"8a3ac9c\" data-element_type=\"widget\" data-e-type=\"widget\" data-widget_type=\"html.default\">\n\t\t\t\t\t<div style=\"width:100%; height:80vh; overflow:hidden; border-radius:20px;\">\n  <iframe\n    src=\"https:\/\/trendvisu-ppbysjlh.manus.space\/\"\n    style=\"width:100%; height:100%; border:none;\"\n    loading=\"lazy\"\n    allowfullscreen\n  ><\/iframe>\n<\/div>\n\t\t\t\t<\/div>\n\t\t\t\t<\/div>\r\n\t\t\t\t<\/div>\n\t\t","protected":false},"excerpt":{"rendered":"<p>Assuntos do Momento Distribui\u00e7\u00e3o de Budget com garantia de Retorno sobre Investimento (ROI) em Audi\u00eancia, Autoridade, Influ\u00eancia, Presen\u00e7a e Reputa\u00e7\u00e3o (AAIPR). Monitoramento de assuntos<\/p>\n","protected":false},"author":1,"featured_media":0,"parent":0,"menu_order":0,"comment_status":"closed","ping_status":"closed","template":"","meta":{"footnotes":""},"class_list":["post-10733","page","type-page","status-publish","hentry"],"_links":{"self":[{"href":"https:\/\/calonegroup.com\/2026\/wp-json\/wp\/v2\/pages\/10733","targetHints":{"allow":["GET"]}}],"collection":[{"href":"https:\/\/calonegroup.com\/2026\/wp-json\/wp\/v2\/pages"}],"about":[{"href":"https:\/\/calonegroup.com\/2026\/wp-json\/wp\/v2\/types\/page"}],"author":[{"embeddable":true,"href":"https:\/\/calonegroup.com\/2026\/wp-json\/wp\/v2\/users\/1"}],"replies":[{"embeddable":true,"href":"https:\/\/calonegroup.com\/2026\/wp-json\/wp\/v2\/comments?post=10733"}],"version-history":[{"count":19,"href":"https:\/\/calonegroup.com\/2026\/wp-json\/wp\/v2\/pages\/10733\/revisions"}],"predecessor-version":[{"id":11302,"href":"https:\/\/calonegroup.com\/2026\/wp-json\/wp\/v2\/pages\/10733\/revisions\/11302"}],"wp:attachment":[{"href":"https:\/\/calonegroup.com\/2026\/wp-json\/wp\/v2\/media?parent=10733"}],"curies":[{"name":"wp","href":"https:\/\/api.w.org\/{rel}","templated":true}]}}